{"id":83,"date":"2020-01-30T18:51:09","date_gmt":"2020-01-30T16:51:09","guid":{"rendered":"http:\/\/pierre1.marlange.net\/?page_id=83"},"modified":"2021-07-20T10:44:04","modified_gmt":"2021-07-20T08:44:04","slug":"9-formation-du-lexique-germanique-la-racine-chamito-semito-indo-europeenne-en-diachronie","status":"publish","type":"page","link":"https:\/\/pierre.marlange.fr\/index.php\/9-formation-du-lexique-germanique-la-racine-chamito-semito-indo-europeenne-en-diachronie\/","title":{"rendered":"9. Formation du lexique germanique (la racine chamito-s\u00e9mito-indo-europ\u00e9enne en diachronie)"},"content":{"rendered":"\n<p class=\"has-drop-cap\">Le groupe des langues germaniques a son caract\u00e8re propre et original au sein de la famille indo- europ\u00e9enne (i.-e.). Sur le plan du vocabulaire &#8211; qui, seul, concerne la pr\u00e9sente \u00e9tude, et permet d&rsquo;envisager de remonter jusqu&rsquo;\u00e0 la source de cr\u00e9ation -, un proto-germanique a \u00e9t\u00e9 reconstitu\u00e9 au moyen de la m\u00e9thode comparative, de la m\u00eame mani\u00e8re que le proto-indo-europ\u00e9en reconstruit des radicaux, non attest\u00e9s, qui sont communs \u00e0 toutes, ou plusieurs, langues i.-e.<\/p>\n\n\n\n<p>Pour des raisons non encore clairement d\u00e9finies, les diff\u00e9rents groupements germaniques ont modifi\u00e9 le consonantisme originel des radicaux qu&rsquo;ils utilisaient. Des changements phon\u00e9tiques ont d&rsquo;abord concern\u00e9 l&rsquo;ensemble des langues germaniques, qui sont r\u00e9parties en trois branches: groupe nordique (repr\u00e9sent\u00e9 ici par le vieux norrois), groupe oriental (ici, par le gotique), et groupe occidental (vieil anglais, vieux frison, vieux saxon, et vieux haut-allemand).<\/p>\n\n\n\n<p>La loi de Grimm (puis la loi de Verner, pour son am\u00e9lioration) d\u00e9crit cette \u00ab\u00a0premi\u00e8re mutation consonantique\u00a0\u00bb, en pr\u00e9cisant l&rsquo;\u00e9volution, en germanique, des consonnes i.-e. : conversion d&rsquo;occlusives (vois\u00e9es ou non) en fricatives (vois\u00e9es ou non), et r\u00e9ciproquement. La pr\u00e9sente \u00e9tude d\u00e9veloppe les nombreux aspects de ces deux lois, ainsi que les modifications intervenues beaucoup plus tard sur le seul vieux haut-allemand (\u00ab\u00a0seconde mutation consonantique\u00a0\u00bb).<\/p>\n\n\n\n<p>L&rsquo;examen de ces changements se fait par r\u00e9f\u00e9rence aux autres termes i.-e. \u00e9quivalents, mais l&rsquo;analyse actuelle consid\u00e8re qu&rsquo;une partie importante du lexique germanique (jusqu&rsquo;au tiers, pour certains analystes) serait compos\u00e9e de radicaux non indo-europ\u00e9ens, en raison des difficult\u00e9s, ou m\u00eame de l&rsquo;impossibilit\u00e9 apparente d&rsquo;effectuer, parfois, les rapprochements n\u00e9cessaires.<\/p>\n\n\n\n<p>Or, on retrouve dans le proto-germanique, rameau de l&rsquo;indo-europ\u00e9en, le fondement de la racine chamito-s\u00e9mito-indo-europ\u00e9enne : tous les radicaux de l&rsquo;\u00e9gyptien hi\u00e9roglyphique (\u00e9.-h.) sont construits par des \u00e9l\u00e9ments biconsonantiques signifiants (\u00ab\u00a0\u00e9tymons\u00a0\u00bb, dont l&rsquo;une des consonnes est toujours l&rsquo;occlusive glottale not\u00e9e \u00ab\u00a03\u00a0\u00bb, de double sens), ou par l&rsquo;association de deux ou trois d&rsquo;entre eux, de sens connexe. Ce principe s&rsquo;applique aussi en h\u00e9breu et en arabe (la racine triconsonantique ou trilit\u00e8re s\u00e9mitique est une \u00ab\u00a0norme\u00a0\u00bb de trois \u00e9tymons), et en indo-europ\u00e9en (la racine propos\u00e9e par Benveniste en 1935 r\u00e9sulte de deux \u00e9tymons, avec des \u00e9largissements).<\/p>\n\n\n\n<p>L&rsquo;analyse des termes lexicaux germaniques s&rsquo;effectue donc dans un cadre plus large, b\u00e9n\u00e9ficiant de r\u00e9sultats acquis, aussi bien pour le vocalisme (comme le traitement des suites 3-3) que pour le consonantisme (comme les traces du phon\u00e8me \u00ab\u00a0ayin\u00a0\u00bb, courant en chamito-s\u00e9mitique). De ce fait, la partie du lexique germanique restant sans correspondant i.-e. se trouve tr\u00e8s r\u00e9duite.<\/p>\n\n\n\n<p>Le sens des radicaux germaniques devrait \u00eatre d\u00e9termin\u00e9 (comme il l&rsquo;est en i.-e. et en chamito- s\u00e9mitique), par sa structure consonantique, en raison de la motivation phon\u00e9mique originelle, qui \u00e9tablit une grande diff\u00e9rence s\u00e9mantique entre les consonnes vois\u00e9es et non vois\u00e9es. Mais, les mutations consonantiques, en substituant des phon\u00e8mes vois\u00e9s \u00e0 des phon\u00e8mes non vois\u00e9s, et r\u00e9ciproquement, d\u00e9rogent \u00e0 la motivation phon\u00e9mique primitive, ce qui n&rsquo;a toutefois qu&rsquo;une importance pratique limit\u00e9e : en effet, une fois constitu\u00e9 un stock de vocabulaire suffisant, les locuteurs germaniques, initiateurs de ces mutations, devaient avoir oubli\u00e9, depuis longtemps, les motivations logiques et codifi\u00e9es de leurs lointains pr\u00e9d\u00e9cesseurs locuteurs-cr\u00e9ateurs.<\/p>\n\n\n\n<p>L&rsquo;\u00e9volution diachronique, en germanique, de la racine chamito-s\u00e9mito-indo-europ\u00e9enne, t\u00e9moigne donc de la perte de la motivation phon\u00e9mique originelle. Cet oubli devait d&rsquo;ailleurs se g\u00e9n\u00e9raliser partout, et m\u00eame \u00eatre consacr\u00e9 par le postulat saussurien de l&rsquo;arbitraire du signe. <\/p>\n\n\n\n<p>La suite du document est t\u00e9l\u00e9chargeable ci-dessous en pi\u00e8ce jointe.<\/p>\n\n\n\n<div class=\"wp-block-file\"><a href=\"https:\/\/pierre.marlange.fr\/wp-content\/uploads\/2021\/07\/LIBLEXGERM.pdf\">LIBLEXGERM<\/a><a href=\"https:\/\/pierre.marlange.fr\/wp-content\/uploads\/2021\/07\/LIBLEXGERM.pdf\" class=\"wp-block-file__button\" download>T\u00e9l\u00e9charger<\/a><\/div>\n","protected":false},"excerpt":{"rendered":"<p>Le groupe des langues germaniques a son caract\u00e8re propre et original au sein de la famille indo- europ\u00e9enne (i.-e.). Sur le plan du vocabulaire &#8211; qui, seul, concerne la pr\u00e9sente \u00e9tude, et permet d&rsquo;envisager de remonter jusqu&rsquo;\u00e0 la source de cr\u00e9ation -, un proto-germanique a \u00e9t\u00e9 reconstitu\u00e9 au moyen de la m\u00e9thode comparative, de la &hellip; <a href=\"https:\/\/pierre.marlange.fr\/index.php\/9-formation-du-lexique-germanique-la-racine-chamito-semito-indo-europeenne-en-diachronie\/\" class=\"more-link\">Continuer la lecture de <span class=\"screen-reader-text\">9. Formation du lexique germanique (la racine chamito-s\u00e9mito-indo-europ\u00e9enne en diachronie)<\/span>  <span class=\"meta-nav\">&rarr;<\/span><\/a><\/p>\n","protected":false},"author":2,"featured_media":0,"parent":0,"menu_order":0,"comment_status":"closed","ping_status":"closed","template":"","meta":{"footnotes":""},"class_list":["post-83","page","type-page","status-publish","hentry"],"_links":{"self":[{"href":"https:\/\/pierre.marlange.fr\/index.php\/wp-json\/wp\/v2\/pages\/83","targetHints":{"allow":["GET"]}}],"collection":[{"href":"https:\/\/pierre.marlange.fr\/index.php\/wp-json\/wp\/v2\/pages"}],"about":[{"href":"https:\/\/pierre.marlange.fr\/index.php\/wp-json\/wp\/v2\/types\/page"}],"author":[{"embeddable":true,"href":"https:\/\/pierre.marlange.fr\/index.php\/wp-json\/wp\/v2\/users\/2"}],"replies":[{"embeddable":true,"href":"https:\/\/pierre.marlange.fr\/index.php\/wp-json\/wp\/v2\/comments?post=83"}],"version-history":[{"count":1,"href":"https:\/\/pierre.marlange.fr\/index.php\/wp-json\/wp\/v2\/pages\/83\/revisions"}],"predecessor-version":[{"id":322,"href":"https:\/\/pierre.marlange.fr\/index.php\/wp-json\/wp\/v2\/pages\/83\/revisions\/322"}],"wp:attachment":[{"href":"https:\/\/pierre.marlange.fr\/index.php\/wp-json\/wp\/v2\/media?parent=83"}],"curies":[{"name":"wp","href":"https:\/\/api.w.org\/{rel}","templated":true}]}}