{"id":60,"date":"2020-01-30T18:38:15","date_gmt":"2020-01-30T16:38:15","guid":{"rendered":"http:\/\/pierre1.marlange.net\/?page_id=60"},"modified":"2021-07-20T10:41:08","modified_gmt":"2021-07-20T08:41:08","slug":"4-le-principe-general-de-la-creation-lexicale","status":"publish","type":"page","link":"https:\/\/pierre.marlange.fr\/index.php\/4-le-principe-general-de-la-creation-lexicale\/","title":{"rendered":"4. Le principe g\u00e9n\u00e9ral de la cr\u00e9ation lexicale"},"content":{"rendered":"\n<p class=\"has-drop-cap\">Les r\u00e9sultats expos\u00e9s sont l\u2019aboutissement de travaux effectu\u00e9s, depuis les ann\u00e9es 1970, sur les langues indo-europ\u00e9ennes (i.-e.), pour la recherche, dans ces langues, de la signification du nom des nombres : en effet, les termes d\u00e9signant les nombres sont actuellement consid\u00e9r\u00e9s comme immotiv\u00e9s, c\u2019est-\u00e0-dire ne se rattachant pas \u00e0 des racines intelligibles.<\/p>\n\n\n\n<p>Ces travaux, crois\u00e9s avec des indices se rapportant \u00e0 la mythologie, aux rituels religieux ou aux calendriers antiques, ont conduit \u00e0 supposer un mythe pr\u00e9historique d\u00e9roulant les nombres de \u00ab\u00a01\u00a0\u00bb \u00e0 \u00ab\u00a05\u00a0\u00bb (et renouvel\u00e9 de \u00ab\u00a06\u00a0\u00bb \u00e0 \u00ab\u00a010\u00a0\u00bb).<\/p>\n\n\n\n<p>En vue de tester l\u2019hypoth\u00e8se d\u2019une origine pr\u00e9historique tr\u00e8s lointaine de ce mythe, qui aurait aussi \u00e9t\u00e9 partag\u00e9 avec d\u2019autres groupes de langues, et o\u00f9 l\u2019on pourrait donc \u00e9ventuellement retrouver ses traces, l\u2019\u00e9tude de l\u2019\u00e9gyptien hi\u00e9roglyphique (\u00e9.-h.) a alors \u00e9t\u00e9 engag\u00e9e en 1998.<\/p>\n\n\n\n<p>Depuis cette date,<\/p>\n\n\n\n<ul class=\"wp-block-list\"><li>ce mythe semble avoir re\u00e7u une confirmation remarquable par la peinture rupestre en 5 \u00e9pisodes du Tassili alg\u00e9rien, publi\u00e9e par E. Anati en 2003 (\u00ab\u00a0Aux origines de l\u2019Art\u00a0\u00bb &#8211; Fayard), rest\u00e9e \u00e9nigmatique dans ce livre, mais interpr\u00e9t\u00e9e dans \u00ab\u00a0La Motivation phon\u00e9mique \u00e0 l\u2019origine du langage\u00a0\u00bb<\/li><li>la comparaison syst\u00e9matique de l\u2019expression des nombres en \u00e9.-h. avec le vocabulaire courant de cette langue a conduit, de mani\u00e8re fortuite, aux r\u00e9sultats qui vont \u00eatre expos\u00e9s sur le principe de la construction du lexique \u00e9.-h.<\/li><li>enfin, il est apparu que ce principe de cr\u00e9ation lexicale pouvait \u00e9galement s\u2019appliquer, non seulement aux langues s\u00e9mitiques, consid\u00e9r\u00e9es comme parentes de l\u2019\u00e9.-h. dans le groupe chamito-s\u00e9mitique, mais aussi aux langues i.-e., et \u00e0 d\u2019autres groupes de langues.<\/li><\/ul>\n\n\n\n<p>Dans ce contexte, l\u2019\u00e9.-h. n\u2019est \u00e9videmment pas une \u00ab\u00a0langue-m\u00e8re\u00a0\u00bb : d\u2019ailleurs, les parent\u00e9s strictes observ\u00e9es entre son lexique et celui des autres langues &#8211; m\u00eame s\u00e9mitiques &#8211; sont assez rares, ce qui, dans une premi\u00e8re approximation, pourrait accr\u00e9diter le postulat saussurien de l\u2019arbitraire du signe.<\/p>\n\n\n\n<p>Mais l\u2019\u00e9tude approfondie de la totalit\u00e9 de son vocabulaire met en \u00e9vidence le mode de construction de ses termes lexicaux, dont le sens de tous les radicaux s\u2019explique par la motivation phon\u00e9mique des consonnes constituantes. Ces consonnes apparaissent elles- m\u00eames comme issues de phon\u00e8mes ant\u00e9rieurs signifiants, ce qui conduit \u00e0 la remise en cause du postulat saussurien.<\/p>\n\n\n\n<p>En raison des sp\u00e9cificit\u00e9s de son syst\u00e8me mill\u00e9naire d\u2019\u00e9criture (tr\u00e8s constant et fid\u00e8le, mais lourd et exigeant, au point qu\u2019il n\u2019a pu r\u00e9sister au syst\u00e8me alphab\u00e9tique de type ph\u00e9nicien, beaucoup plus efficace, mais aussi trop r\u00e9ducteur et simplificateur), l\u2019\u00e9.-h. appara\u00eet ainsi comme un t\u00e9moin privil\u00e9gi\u00e9 de la transmission du principe g\u00e9n\u00e9ral de la cr\u00e9ation lexicale, qui s\u2019av\u00e8re \u00e0 la fois extr\u00eamement lointain, et universel.<\/p>\n\n\n\n<p>La formation du lexique \u00e9.-h. se caract\u00e9rise par plusieurs points essentiels :<\/p>\n\n\n\n<ul class=\"wp-block-list\"><li>existence de 23 consonnes (ou plut\u00f4t 24, si l\u2019on diff\u00e9rencie \u00ab\u00a0s\u00a0\u00bb et \u00ab\u00a0z\u00a0\u00bb), parmi lesquelles trois sont des semi-consonnes (ou semi-voyelles) : \u00ab\u00a03\u00a0\u00bb (\u00ab\u00a0alef\u00a0\u00bb s\u00e9mitique, occlusive glottale, ou \u00ab\u00a0coup de glotte\u00a0\u00bb), \u00ab\u00a0j\u00a0\u00bb (palatale), \u00ab\u00a0w\u00a0\u00bb (labiale)<\/li><li>chacun de ces phon\u00e8mes est dot\u00e9 d\u2019un contenu s\u00e9mantique propre (\u00e0 l\u2019exception des nasales \u00ab\u00a0m\u00a0\u00bb et \u00ab\u00a0n\u00a0\u00bb) : il s\u2019agit bien l\u00e0 d\u2019une \u00ab\u00a0motivation phon\u00e9mique\u00a0\u00bb, et ces consonnes apparaissent comme les survivances de phon\u00e8mes pr\u00e9historiques signifiants<\/li><li>le phon\u00e8me \u00ab\u00a03\u00a0\u00bb joue un r\u00f4le absolument essentiel et fondamental, car<\/li><li>il est le seul \u00e0 disposer d\u2019une double signification : \u00ab\u00a0\u00f4ter, d\u00e9chirer\u00a0\u00bb, et \u00ab\u00a0tenir\u00a0\u00bb<\/li><li>des \u00ab\u00a0modules\u00a0\u00bb privil\u00e9gi\u00e9s biconsonantiques sont form\u00e9s par son association avec chacune des 23 autres consonnes, pour cr\u00e9er ainsi 46 paires toutes signifiantes (avec les inverses, de m\u00eame sens), qui seront appel\u00e9es \u00ab\u00a0\u00e9tymons\u00a0\u00bb<\/li><li>les radicaux de la totalit\u00e9 du lexique \u00e9.-h. sont constitu\u00e9s, soit par \u00ab\u00a03\u00a0\u00bb seul, soit par des \u00e9tymons biconsonantiques avec \u00ab\u00a03\u00a0\u00bb, soit par assemblage de deux ou plusieurs \u00e9tymons, de sens analogue ou connexe, qui conf\u00e8rent pr\u00e9cis\u00e9ment au radical le sens qui lui est connu.<\/li><\/ul>\n\n\n\n<p>Il appara\u00eet que ce mode de construction explique, non seulement le lexique \u00e9.-h., mais aussi, comme il a d\u00e9j\u00e0 \u00e9t\u00e9 dit, les lexiques s\u00e9mitiques et i.-e. Il propose des r\u00e9ponses \u00e0 des questions non encore r\u00e9solues, telles que la racine triconsonantique ou trilit\u00e8re s\u00e9mitique et ses exceptions, ou la formation du pluriel interne en arabe, et, en i.-e., par exemple, l\u2019infixation nasale, les g\u00e9min\u00e9es, la pr\u00e9fixation en \u00ab\u00a0s-\u00ab\u00a0, et m\u00eame les d\u00e9sinences grammaticales (verbales et nominales) que les grammaires traditionnelles grecque et latine enseignent de mani\u00e8re m\u00e9canique, sans pouvoir expliquer.<\/p>\n\n\n\n<p>Mais il structure aussi le lexique d\u2019autres langues (y compris les langues tonales asiatiques, pr\u00e9sentant la caract\u00e9ristique commune d\u2019\u00eatre \u00e0 base monosyllabique; les \u00e9tymons y apparaissent clairement, et les quatre tons du chinois mandarin, par exemple, ne font que multiplier leur facult\u00e9 de cr\u00e9ation lexicale).<\/p>\n\n\n\n<p>Le principe de la cr\u00e9ation lexicale expos\u00e9 se r\u00e9v\u00e8le donc g\u00e9n\u00e9ral et universel.<\/p>\n\n\n\n<p>La suite du document est t\u00e9l\u00e9chargeable ci-dessous en pi\u00e8ce jointe.<\/p>\n\n\n\n<div class=\"wp-block-file\"><a href=\"https:\/\/pierre.marlange.fr\/wp-content\/uploads\/2021\/07\/PGCL-PDF.pdf\">PGCL-PDF<\/a><a href=\"https:\/\/pierre.marlange.fr\/wp-content\/uploads\/2021\/07\/PGCL-PDF.pdf\" class=\"wp-block-file__button\" download>T\u00e9l\u00e9charger<\/a><\/div>\n","protected":false},"excerpt":{"rendered":"<p>Les r\u00e9sultats expos\u00e9s sont l\u2019aboutissement de travaux effectu\u00e9s, depuis les ann\u00e9es 1970, sur les langues indo-europ\u00e9ennes (i.-e.), pour la recherche, dans ces langues, de la signification du nom des nombres : en effet, les termes d\u00e9signant les nombres sont actuellement consid\u00e9r\u00e9s comme immotiv\u00e9s, c\u2019est-\u00e0-dire ne se rattachant pas \u00e0 des racines intelligibles. Ces travaux, crois\u00e9s &hellip; <a href=\"https:\/\/pierre.marlange.fr\/index.php\/4-le-principe-general-de-la-creation-lexicale\/\" class=\"more-link\">Continuer la lecture de <span class=\"screen-reader-text\">4. Le principe g\u00e9n\u00e9ral de la cr\u00e9ation lexicale<\/span>  <span class=\"meta-nav\">&rarr;<\/span><\/a><\/p>\n","protected":false},"author":2,"featured_media":0,"parent":0,"menu_order":0,"comment_status":"closed","ping_status":"closed","template":"","meta":{"footnotes":""},"class_list":["post-60","page","type-page","status-publish","hentry"],"_links":{"self":[{"href":"https:\/\/pierre.marlange.fr\/index.php\/wp-json\/wp\/v2\/pages\/60","targetHints":{"allow":["GET"]}}],"collection":[{"href":"https:\/\/pierre.marlange.fr\/index.php\/wp-json\/wp\/v2\/pages"}],"about":[{"href":"https:\/\/pierre.marlange.fr\/index.php\/wp-json\/wp\/v2\/types\/page"}],"author":[{"embeddable":true,"href":"https:\/\/pierre.marlange.fr\/index.php\/wp-json\/wp\/v2\/users\/2"}],"replies":[{"embeddable":true,"href":"https:\/\/pierre.marlange.fr\/index.php\/wp-json\/wp\/v2\/comments?post=60"}],"version-history":[{"count":1,"href":"https:\/\/pierre.marlange.fr\/index.php\/wp-json\/wp\/v2\/pages\/60\/revisions"}],"predecessor-version":[{"id":314,"href":"https:\/\/pierre.marlange.fr\/index.php\/wp-json\/wp\/v2\/pages\/60\/revisions\/314"}],"wp:attachment":[{"href":"https:\/\/pierre.marlange.fr\/index.php\/wp-json\/wp\/v2\/media?parent=60"}],"curies":[{"name":"wp","href":"https:\/\/api.w.org\/{rel}","templated":true}]}}