{"id":454,"date":"2026-02-26T10:22:03","date_gmt":"2026-02-26T09:22:03","guid":{"rendered":"https:\/\/pierre.marlange.fr\/?page_id=454"},"modified":"2026-02-26T11:14:31","modified_gmt":"2026-02-26T10:14:31","slug":"16-les-calendriers-grecs-antiques","status":"publish","type":"page","link":"https:\/\/pierre.marlange.fr\/index.php\/16-les-calendriers-grecs-antiques\/","title":{"rendered":"16. Les calendriers grecs antiques (mythe du nom des nombres)"},"content":{"rendered":"\n<p>La pr\u00e9sente \u00e9tude prolonge celle de 2025 \u00ab\u00a0Les calendriers d\u2019Ath\u00e8nes, Milet et D\u00e9los (mythe du nom des nombres)\u00a0\u00bb, calendriers de 12 mois lunaires (29 et 30 jours), mais dont le nom et l\u2019ordre varient (chaque cit\u00e9 grecque avait son propre calendrier) : au total 22 noms, avec des d\u00e9calages. Ici, l\u2019\u00e9tude analyse 12 autres calendriers, en quatre s\u00e9ries : (Argos, Epidaure, Anticyth\u00e8re : 18 autres noms de mois), (Cos, Rhodes, Laconie : 13 noms), (Etolie, Thessalie, B\u00e9otie : 23 noms), et (Cr\u00e8te, Delphes, Mac\u00e9doine : 25 noms), d\u2019o\u00f9 au total 101 noms de mois pour 15 calendriers.<\/p>\n\n\n\n<p>Malgr\u00e9 cette diversit\u00e9, l\u2019analyse indique que les noms des 12 mois de chaque calendrier ont \u00e9t\u00e9 choisis par r\u00e9f\u00e9rence au \u00ab\u00a0mythe du nom des nombres\u00a0\u00bb : cycle de base 5 correspondant au cycle de la s\u00e8ve dans la v\u00e9g\u00e9tation. Ce mythe est d\u00e9j\u00e0 repr\u00e9sent\u00e9 par une peinture rupestre du Tassili alg\u00e9rien. Ses 5 \u00e9pisodes montrent une jeune fille, figurant la s\u00e8ve (la t\u00eate toujours surmont\u00e9e de 4 petits points, et en relation avec des r\u00e9cipients), et sont les m\u00e9taphores de l\u2019encha\u00eenement des 5 premiers nombres, expliquant alors le nom et l\u2019ordre des mois de l\u2019ancien calendrier romain :<\/p>\n\n\n\n<ul class=\"wp-block-list\">\n<li>rang 1 s\u00e8ve semblant absente, morte (Martius 1er mois) (ainsi Pers\u00e9phone (la s\u00e8ve) aux Enfers)<\/li>\n\n\n\n<li>rang 2 \u00e9lan de la s\u00e8ve, pure comme une source (Aprilis 2\u00e8me mois \/ Aphrodite (aussi la s\u00e8ve)) \n<ul class=\"wp-block-list\">\n<li>(Februarius 12\u00e8me mois (rang 2) \/ Lat. februo = \u00ab\u00a0purifier\u00a0\u00bb ; Art\u00e9mis (aussi la s\u00e8ve) pure)<\/li>\n<\/ul>\n<\/li>\n\n\n\n<li>rang 3 f\u00e9condation des fruits (m\u00e9taphore : copulation du 3\u00e8me \u00e9pisode de la peinture du Tassili)<\/li>\n\n\n\n<li>rang 4 naissance\/croissance des fruits (accouchement du 4\u00e8me \u00e9pisode, Junius 4\u00e8me mois\/Junon) \n<ul class=\"wp-block-list\">\n<li>(November 9\u00e8me mois (rang 4) \/ Lat. novus = \u00ab\u00a0nouveau, qui vient de na\u00eetre\u00a0\u00bb : \u00e0 emplir)<\/li>\n<\/ul>\n<\/li>\n\n\n\n<li>rang 5 cueillette des fruits, devenue moisson (m\u00e9taphore : rapt du 5\u00e8me \u00e9pisode de la peinture).<\/li>\n<\/ul>\n\n\n\n<p>Les 15 calendriers grecs sont ainsi tous construits selon trois cycles de base 5 (3\u00e8me incomplet), avec trois mois de rang 1, trois de rang 2, deux de rang 3, deux de rang 4, et deux de rang 5. Mais leur ordonnancement originel reste inconnu, car des perturbations l\u2019ont affect\u00e9 de mani\u00e8re s\u00e9par\u00e9e (ainsi les calendriers des cit\u00e9s voisines Argos et Epidaure, ayant 8 mois communs sur 12, montrant pourtant des d\u00e9calages jusqu\u2019\u00e0 5 mois), en raison de changements non datables :<\/p>\n\n\n\n<ul class=\"wp-block-list\">\n<li>techniques, mais d\u00e9cid\u00e9s s\u00e9par\u00e9ment (ainsi pour faire co\u00efncider les ann\u00e9es lunaire et solaire, en ajoutant, par t\u00e2tonnements successifs, un mois intercalaire, diff\u00e9rent, ou \u00e0 un autre moment)<\/li>\n\n\n\n<li>manipulateurs, en fonction des circonstances, ou \u00e0 des fins politiques (ainsi pour ruser en \u00e9vitant, ou au contraire pr\u00e9textant, un mois sacr\u00e9 de tr\u00eave en p\u00e9riode de conflit).<\/li>\n<\/ul>\n\n\n\n<p>Comme pour (Ath\u00e8nes, Milet, D\u00e9los), l\u2019analyse retrouve le rang de chacun des 101 mois, avec (ou malgr\u00e9\u2026) les contraintes impos\u00e9es par le mythe. Les noms, souvent obscurs, sont d\u00e9cod\u00e9s par la racine chamito-s\u00e9mito-indo-europ\u00e9enne : assemblage d\u2019\u00e9tymons signifiants joignant toute consonne \u00e0 l\u2019occlusive glottale (coup de glotte), not\u00e9e \u00ab\u00a03\u00a0\u00bb en \u00e9gyptien hi\u00e9roglyphique (double alef \u1d53), de double sens (motivation phon\u00e9mique). Ils peuvent reprendre des th\u00e9onymes,<br>ou leurs \u00e9pith\u00e8tes ou f\u00eates (surtout d\u2019Apollon et Art\u00e9mis), dont le sens justifie le rang du mois, comme en Egypte (5 jours \u00e9pagom\u00e8nes consid\u00e9r\u00e9s de naissance de 5 grandes divinit\u00e9s, dont le nom est en rapport avec le mythe, cf. l\u2019\u00e9tude \u00ab\u00a0Les d\u00e9cans \u00e9gyptiens (mythe du nom des nombres, calendrier \u00e9gyptien)\u00a0\u00bb &#8211; 2024). Les fonctions originelles de divinit\u00e9s expliquent leur pr\u00e9sence \u00e0 plusieurs rangs, ainsi Art\u00e9mis (la s\u00e8ve) vierge pure (rang 2), et aussi d\u00e9esse de l\u2019enfantement (rang 4) : elle emplit de s\u00e8ve, au lieu de lait, par \u00ab\u00a0glissement rang 2 \/ rang 4\u00a0\u00bb, comme en Egypte.<\/p>\n\n\n\n<p>Les radicaux pr\u00e9cisent le mod\u00e8le de racine indo-europ\u00e9enne de Benveniste (1935), et l\u2019ajustent s\u2019ils sont \u00e0 initiale ou finale vocalique. Leurs \u00e9tymons constitutifs, de sens connexe, op\u00e8rent sur jusqu\u2019\u00e0 18 secteurs s\u00e9mantiques, d\u2019o\u00f9 de fr\u00e9quents jeux de radicaux homophones (de m\u00eames consonnes, mais de sens diff\u00e9rent). Le mythe du nom des nombres est alors un fil conducteur pour identifier le radical coh\u00e9rent, tout en \u00e9clairant l\u2019organisation des calendriers grecs antiques.<\/p>\n\n\n\n<div data-wp-interactive=\"core\/file\" class=\"wp-block-file\"><object data-wp-bind--hidden=\"!state.hasPdfPreview\" hidden class=\"wp-block-file__embed\" data=\"https:\/\/pierre.marlange.fr\/wp-content\/uploads\/2026\/02\/calendriers-grecs-antiques-PDF.pdf\" type=\"application\/pdf\" style=\"width:100%;height:600px\" aria-label=\"Contenu embarqu\u00e9 calendriers grecs antiques-PDF.\"><\/object><a id=\"wp-block-file--media-c2f27646-276e-4e7d-8e72-5aeb9edfbfde\" href=\"https:\/\/pierre.marlange.fr\/wp-content\/uploads\/2026\/02\/calendriers-grecs-antiques-PDF.pdf\">calendriers grecs antiques-PDF<\/a><a href=\"https:\/\/pierre.marlange.fr\/wp-content\/uploads\/2026\/02\/calendriers-grecs-antiques-PDF.pdf\" class=\"wp-block-file__button wp-element-button\" download aria-describedby=\"wp-block-file--media-c2f27646-276e-4e7d-8e72-5aeb9edfbfde\">T\u00e9l\u00e9charger<\/a><\/div>\n","protected":false},"excerpt":{"rendered":"<p>La pr\u00e9sente \u00e9tude prolonge celle de 2025 \u00ab\u00a0Les calendriers d\u2019Ath\u00e8nes, Milet et D\u00e9los (mythe du nom des nombres)\u00a0\u00bb, calendriers de 12 mois lunaires (29 et 30 jours), mais dont le nom et l\u2019ordre varient (chaque cit\u00e9 grecque avait son propre calendrier) : au total 22 noms, avec des d\u00e9calages. Ici, l\u2019\u00e9tude analyse 12 autres calendriers, &hellip; <a href=\"https:\/\/pierre.marlange.fr\/index.php\/16-les-calendriers-grecs-antiques\/\" class=\"more-link\">Continuer la lecture de <span class=\"screen-reader-text\">16. Les calendriers grecs antiques (mythe du nom des nombres)<\/span>  <span class=\"meta-nav\">&rarr;<\/span><\/a><\/p>\n","protected":false},"author":1,"featured_media":0,"parent":0,"menu_order":0,"comment_status":"closed","ping_status":"closed","template":"","meta":{"footnotes":""},"class_list":["post-454","page","type-page","status-publish","hentry"],"_links":{"self":[{"href":"https:\/\/pierre.marlange.fr\/index.php\/wp-json\/wp\/v2\/pages\/454","targetHints":{"allow":["GET"]}}],"collection":[{"href":"https:\/\/pierre.marlange.fr\/index.php\/wp-json\/wp\/v2\/pages"}],"about":[{"href":"https:\/\/pierre.marlange.fr\/index.php\/wp-json\/wp\/v2\/types\/page"}],"author":[{"embeddable":true,"href":"https:\/\/pierre.marlange.fr\/index.php\/wp-json\/wp\/v2\/users\/1"}],"replies":[{"embeddable":true,"href":"https:\/\/pierre.marlange.fr\/index.php\/wp-json\/wp\/v2\/comments?post=454"}],"version-history":[{"count":3,"href":"https:\/\/pierre.marlange.fr\/index.php\/wp-json\/wp\/v2\/pages\/454\/revisions"}],"predecessor-version":[{"id":482,"href":"https:\/\/pierre.marlange.fr\/index.php\/wp-json\/wp\/v2\/pages\/454\/revisions\/482"}],"wp:attachment":[{"href":"https:\/\/pierre.marlange.fr\/index.php\/wp-json\/wp\/v2\/media?parent=454"}],"curies":[{"name":"wp","href":"https:\/\/api.w.org\/{rel}","templated":true}]}}