{"id":375,"date":"2023-02-23T17:48:28","date_gmt":"2023-02-23T16:48:28","guid":{"rendered":"https:\/\/pierre.marlange.fr\/?page_id=375"},"modified":"2023-02-24T17:09:26","modified_gmt":"2023-02-24T16:09:26","slug":"13-origine-du-zodiaque","status":"publish","type":"page","link":"https:\/\/pierre.marlange.fr\/index.php\/13-origine-du-zodiaque\/","title":{"rendered":"13. Origine du Zodiaque (mythe du nom des nombres, calendrier indien)"},"content":{"rendered":"\n<p>L&rsquo;\u00e9tude \u00ab\u00a0<em>Origines du nom des cinq plan\u00e8tes dans l&rsquo;Antiquit\u00e9 : mythe du nom des nombres<\/em>\u00a0\u00bb (2022) offre, comme alternative de la th\u00e8se traditionnelle de l&rsquo;origine babylonienne, la r\u00e9f\u00e9rence au \u00ab\u00a0mythe du nom des nombres\u00a0\u00bb, d\u00e9j\u00e0 figur\u00e9 sur une peinture rupestre en 5 \u00e9pisodes du Tassili. Il \u00e9voque le cycle de la s\u00e8ve dans la v\u00e9g\u00e9tation, en 5 \u00e9tapes (cycle de base 5 r\u00e9p\u00e9t\u00e9), du manque apparent hivernal (\u00ab\u00a01\u00a0\u00bb et \u00ab\u00a06\u00a0\u00bb) \u00e0 la cueillette des fruits tr\u00e8s d\u00e9sir\u00e9s, depuis l&rsquo;\u00e9poque des chasseurs- cueilleurs (\u00ab\u00a05\u00a0\u00bb et \u00ab\u00a010\u00a0\u00bb). Ainsi, le sanskrit classe les cinq \u00ab\u00a0\u00e9toiles mobiles\u00a0\u00bb en fonction de leur vitesse de d\u00e9placement apparente, de la plus rapide (Mercure, rang 1) \u00e0 la plus lente (Saturne, rang 5) : les 58 d\u00e9nominations (deux tiers de toutes origines li\u00e9es au mythe) pourraient r\u00e9sulter de l&rsquo;observation indienne, pass\u00e9e ensuite \u00e0 l&rsquo;ext\u00e9rieur (Babylone, Egypte, puis Gr\u00e8ce et Rome).<\/p>\n\n\n\n<p>De plus, la pr\u00e9sente \u00e9tude montre le lien entre les 12 constellations du Zodiaque, les 12 mois du calendrier indien et les 28 ast\u00e9rismes lunaires (et \u00e9pith\u00e8tes), rappelant tous l&rsquo;un des 5 \u00e9pisodes du mythe. Ainsi, Andr\u00e9 Le Boeuffle (\u00ab\u00a0<em>Les noms latins d&rsquo;astres et de constellations<\/em>\u00ab\u00a0) note, pour la constellation de la Vierge : \u00ab\u00a0<em>L&rsquo;origine de cette figure est myst\u00e9rieuse; rien dans la disposition des \u00e9toiles ne sugg\u00e8re avec un minimum de vraisemblance l&rsquo;image d&rsquo;une jeune femme\u2026 Peut- \u00eatre ce personnage n&rsquo;a-t-il \u00e9t\u00e9 cr\u00e9\u00e9 que pour porter l&rsquo;\u00e9pi de bl\u00e9<\/em>\u00ab\u00a0, et \u00ab\u00a0<em>la partie la plus ancienne de la figure est probablement l&rsquo;\u00e9pi de bl\u00e9, qui provient de la carte c\u00e9leste des Babyloniens<\/em>\u00ab\u00a0. <\/p>\n\n\n\n<p>Or, Skr. kanya = \u00ab\u00a0fillette, signe de la Vierge\u00a0\u00bb est li\u00e9 \u00e0 Skr. kana = \u00ab\u00a0petit\u00a0\u00bb, Skr. kana = \u00ab\u00a0petit, grain\u00a0\u00bb qui, \u00e9voquant la faiblesse, justifient la Vierge 6\u00e8me signe zodiacal (\u00ab\u00a06\u00a0\u00bb est de rang 1 : s\u00e8ve faible). Skr. kani\u00e7a = \u00ab\u00a0\u00e9pi de bl\u00e9\u00a0\u00bb \u00e9claire le lien avec la Vierge : \u00ab\u00a0<em>il faut \u00e9carter l&rsquo;explication selon laquelle cette d\u00e9signation aurait un rapport avec le calendrier agricole<\/em>\u00a0\u00bb (Le Boeuffle). Tous les noms indiquent la \u00ab\u00a0racine chamito-s\u00e9mito-indo-europ\u00e9enne\u00a0\u00bb : assemblage de un \u00e0 trois \u00ab\u00a0\u00e9tymons\u00a0\u00bb signifiants, qui unissent la consonne occlusive glottale (\u00ab\u00a0coup de glotte\u00a0\u00bb, not\u00e9e \u00ab\u00a03\u00a0\u00bb en \u00e9gyptien hi\u00e9roglyphique (double alef \u0254) de double sens) et toute autre consonne (de contenu s\u00e9mantique propre, par motivation phon\u00e9mique, sauf les nasales \u00ab\u00a0m\u00a0\u00bb, \u00ab\u00a0n\u00a0\u00bb). Le phon\u00e8me \u00ab\u00a03\u00a0\u00bb se transpose en la voyelle port\u00e9e, longue ou br\u00e8ve en s\u00e9mitique, toujours br\u00e8ve en indo-europ\u00e9en.<\/p>\n\n\n\n<ul class=\"wp-block-list\">\n<li>Le rang 1 (s\u00e8ve faible) de la Vierge touche aussi le B\u00e9lier (1er signe du Zodiaque) et le Verseau (11\u00e8me signe). Skr. kumbha = \u00ab\u00a0pot, signe du Verseau\u00a0\u00bb rappelle le nom de mois encore assujettis, ailleurs, au mythe du nom des nombres. Ainsi, \u00e0 Ath\u00e8nes et Milet, Gr. \u03b1\u03bd\u03b8\u03b5\u03c3\u03c4\u03b7\u03c1\u03b9\u03c9\u03bd est, non le \u00ab\u00a0mois des fleurs\u00a0\u00bb (Gr. \u03b1\u03bd\u03b8\u03bfs = \u00ab\u00a0fleur, \u00e9ruption\u00a0\u00bb), mais \u00ab\u00a0manque d&rsquo;\u00e9ruption\u00a0\u00bb (de la s\u00e8ve), le jour des morts de la f\u00eate des Anthest\u00e9ries, avec des \u00ab\u00a0pots\u00a0\u00bb, m\u00e9taphore de la s\u00e8ve qui, renvers\u00e9e, ne jaillit plus. <\/li>\n\n\n\n<li>Le rang 2 (\u00e9lan de la s\u00e8ve) motive Skr. vrsa = \u00ab\u00a0taureau, signe du Taureau\u00a0\u00bb (2\u00e8me : jeu de radicaux \/ Skr. vrs = \u00ab\u00a0arroser\u00a0\u00bb), Skr. tula = \u00ab\u00a0balance, signe de la Balance\u00a0\u00bb (7\u00e8me : Skr. tul = \u00ab\u00a0lever\u00a0\u00bb = Lat. tollo, g\u00e9min\u00e9e par \u00ab\u00a0suite 3-3\u00a0\u00bb), et le 2\u00e8me mois latin Lat. aprilis (Etr. Apru = \u00ab\u00a0Aphrodite\u00a0\u00bb, s\u00e8ve). <\/li>\n\n\n\n<li>Le rang 3 (f\u00e9condation des fruits) justifie le signe des G\u00e9meaux (3\u00e8me : m\u00e9taphore d&rsquo;un couple enlac\u00e9), le signe du Scorpion (8\u00e8me : m\u00e9taphore dard \/ p\u00e9nis), les mois Gr. \u03b3\u03b1\u03bc\u03b7\u03bb\u03b9\u03c9\u03bd (Ath\u00e8nes), Gr. \u03b3\u03b1\u03bc\u03bfs (Argos) (= \u00ab\u00a0mariage\u00a0\u00bb), et le mois indien Skr. jyaistha (Skr. jyestha = \u00ab\u00a0doigt majeur\u00a0\u00bb). <\/li>\n\n\n\n<li>Le rang 4 (naissance et croissance des fruits) explique Skr. dhanu = \u00ab\u00a0arc, signe du Sagittaire\u00a0\u00bb (9\u00e8me : jeu de radicaux \/ Skr. dhan = \u00ab\u00a0enfanter\u00a0\u00bb), et le 4\u00e8me mois Lat. junius (Junon d\u00e9esse-m\u00e8re). <\/li>\n\n\n\n<li>Le rang 5 (cueillette des fruits) concerne le mois indien Skr. phalguna (= \u00ab\u00a0qualit\u00e9 de fruits\u00a0\u00bb) et, \u00e0 Ath\u00e8nes, Milet et D\u00e9los, le mois Gr. \u03b8\u03b1\u03c1\u03b3\u03b7\u03bb\u03b9\u03c9\u03bd (Gr. \u03b8\u03b1\u03c1\u03b3\u03b7\u03bb\u03bfs = \u00ab\u00a0marmite remplie de fruits\u00a0\u00bb).<\/li>\n<\/ul>\n\n\n\n<p>De tr\u00e8s riches \u00e9pisodes mythologiques ont illustr\u00e9, dans l&rsquo;Antiquit\u00e9, les 12 signes du Zodiaque, mais l&rsquo;\u00e9tude montre l&rsquo;origine indienne du nom et de la raison de ces signes (li\u00e9s au mythe du nom des nombres par relation directe, m\u00e9taphore ou jeu de radicaux). De plus, la position des 28 ast\u00e9rismes lunaires dans le calendrier indien a enregistr\u00e9 la d\u00e9rive zodiacale de l&rsquo;\u00e9quinoxe de printemps (due \u00e0 la pr\u00e9cession des \u00e9quinoxes) et permet de dater la construction du Zodiaque.<\/p>\n\n\n\n<div data-wp-interactive=\"core\/file\" class=\"wp-block-file\"><object data-wp-bind--hidden=\"!state.hasPdfPreview\" hidden class=\"wp-block-file__embed\" data=\"https:\/\/pierre.marlange.fr\/wp-content\/uploads\/2023\/02\/ODZ-PDF.pdf\" type=\"application\/pdf\" style=\"width:100%;height:600px\" aria-label=\"Contenu embarqu\u00e9 Origine du Zodiaque.\"><\/object><a id=\"wp-block-file--media-06ee2ccf-5225-4ffb-98ab-da2effbafc53\" href=\"https:\/\/pierre.marlange.fr\/wp-content\/uploads\/2023\/02\/ODZ-PDF.pdf\">Origine du Zodiaque<\/a><a href=\"https:\/\/pierre.marlange.fr\/wp-content\/uploads\/2023\/02\/ODZ-PDF.pdf\" class=\"wp-block-file__button wp-element-button\" download aria-describedby=\"wp-block-file--media-06ee2ccf-5225-4ffb-98ab-da2effbafc53\">T\u00e9l\u00e9charger<\/a><\/div>\n","protected":false},"excerpt":{"rendered":"<p>L&rsquo;\u00e9tude \u00ab\u00a0Origines du nom des cinq plan\u00e8tes dans l&rsquo;Antiquit\u00e9 : mythe du nom des nombres\u00a0\u00bb (2022) offre, comme alternative de la th\u00e8se traditionnelle de l&rsquo;origine babylonienne, la r\u00e9f\u00e9rence au \u00ab\u00a0mythe du nom des nombres\u00a0\u00bb, d\u00e9j\u00e0 figur\u00e9 sur une peinture rupestre en 5 \u00e9pisodes du Tassili. Il \u00e9voque le cycle de la s\u00e8ve dans la v\u00e9g\u00e9tation, &hellip; <a href=\"https:\/\/pierre.marlange.fr\/index.php\/13-origine-du-zodiaque\/\" class=\"more-link\">Continuer la lecture de <span class=\"screen-reader-text\">13. Origine du Zodiaque (mythe du nom des nombres, calendrier indien)<\/span>  <span class=\"meta-nav\">&rarr;<\/span><\/a><\/p>\n","protected":false},"author":1,"featured_media":0,"parent":0,"menu_order":0,"comment_status":"closed","ping_status":"closed","template":"","meta":{"footnotes":""},"class_list":["post-375","page","type-page","status-publish","hentry"],"_links":{"self":[{"href":"https:\/\/pierre.marlange.fr\/index.php\/wp-json\/wp\/v2\/pages\/375","targetHints":{"allow":["GET"]}}],"collection":[{"href":"https:\/\/pierre.marlange.fr\/index.php\/wp-json\/wp\/v2\/pages"}],"about":[{"href":"https:\/\/pierre.marlange.fr\/index.php\/wp-json\/wp\/v2\/types\/page"}],"author":[{"embeddable":true,"href":"https:\/\/pierre.marlange.fr\/index.php\/wp-json\/wp\/v2\/users\/1"}],"replies":[{"embeddable":true,"href":"https:\/\/pierre.marlange.fr\/index.php\/wp-json\/wp\/v2\/comments?post=375"}],"version-history":[{"count":10,"href":"https:\/\/pierre.marlange.fr\/index.php\/wp-json\/wp\/v2\/pages\/375\/revisions"}],"predecessor-version":[{"id":405,"href":"https:\/\/pierre.marlange.fr\/index.php\/wp-json\/wp\/v2\/pages\/375\/revisions\/405"}],"wp:attachment":[{"href":"https:\/\/pierre.marlange.fr\/index.php\/wp-json\/wp\/v2\/media?parent=375"}],"curies":[{"name":"wp","href":"https:\/\/api.w.org\/{rel}","templated":true}]}}