{"id":332,"date":"2022-02-24T15:24:36","date_gmt":"2022-02-24T14:24:36","guid":{"rendered":"https:\/\/pierre.marlange.fr\/?page_id=332"},"modified":"2022-02-25T10:34:13","modified_gmt":"2022-02-25T09:34:13","slug":"12-origines-du-nom-des-cinq-planetes-dans-lantiquite-mythe-du-nom-des-nombres","status":"publish","type":"page","link":"https:\/\/pierre.marlange.fr\/index.php\/12-origines-du-nom-des-cinq-planetes-dans-lantiquite-mythe-du-nom-des-nombres\/","title":{"rendered":"12. Origines du nom des cinq plan\u00e8tes dans l&rsquo;Antiquit\u00e9 : mythe du nom des nombres"},"content":{"rendered":"\n<p class=\"has-drop-cap\">Parmi le grand nombre des points lumineux semblant attach\u00e9s \u00e0 la vo\u00fbte du ciel nocturne (\u00e9toiles fixes), l&rsquo;observation a tr\u00e8s t\u00f4t constat\u00e9 que cinq astres changeaient de position avec une vitesse in\u00e9gale (\u00e9toiles mobiles, diff\u00e9rentes des deux autres \u00ab\u00a0astres errants\u00a0\u00bb que constituent le Soleil et la Lune, par leurs dimensions apparentes et leur \u00e9clat) : il s&rsquo;agit des cinq \u00ab\u00a0plan\u00e8tes\u00a0\u00bb connues dans l&rsquo;Antiquit\u00e9, sous leurs noms actuels de Mercure, V\u00e9nus, Mars, Jupiter et Saturne.<\/p>\n\n\n\n<p>Ces noms sont les derniers d&rsquo;une \u00e9volution dans la d\u00e9nomination de ces \u00ab\u00a0astres errants\u00a0\u00bb. Les Babyloniens, au moins depuis la fin du XII\u00b0 si\u00e8cle av. J.C., d\u00e9signaient chacun d&rsquo;eux par le nom d&rsquo;une divinit\u00e9 \u00e0 laquelle il se rapportait. Et, selon la th\u00e8se traditionnelle actuelle, les Grecs ont substitu\u00e9 \u00e0 ces noms ceux de leurs divinit\u00e9s correspondantes (Herm\u00e8s, Aphrodite, Ar\u00e8s, Zeus et Cronos), puis les Romains ont remplac\u00e9 ces noms grecs par ceux de leurs propres divinit\u00e9s.<\/p>\n\n\n\n<p>Sans que l&rsquo;on puisse confirmer avec certitude la premi\u00e8re \u00e9tape (Babylone-Gr\u00e8ce), la r\u00e9alit\u00e9 est nuanc\u00e9e. On ignore d\u00e9j\u00e0 pour quelles raisons Babylone a rattach\u00e9 telle \u00ab\u00a0plan\u00e8te\u00a0\u00bb \u00e0 telle divinit\u00e9, et, ensuite, la Gr\u00e8ce a multipli\u00e9 les tutelles divines ou utilis\u00e9 des qualificatifs : Herm\u00e8s-Apollon-\u03c3\u03c4\u03b9\u03bb\u03b2\u03c9\u03bd (\u00ab\u00a0scintillant\u00a0\u00bb), Aphrodite-H\u00e9ra-\u03c6\u03c9\u03c3\u03c6\u03bf\u03c1\u03bfs (\u00ab\u00a0porte-lumi\u00e8re\u00a0\u00bb), Ar\u00e8s-H\u00e9racl\u00e8s-\u03c0\u03c5\u03c1\u03bf\u03b5\u03b9s (\u00ab\u00a0flamboyant\u00a0\u00bb), Zeus-\u03c6\u03b1\u03b5\u03b8\u03c9\u03bd (\u00ab\u00a0brillant\u00a0\u00bb), Cronos-\u00e9toile d&rsquo;H\u00e9lios-N\u00e9m\u00e9sis-\u03c6\u03b1\u03b9\u03bd\u03c9\u03bd (\u00ab\u00a0brillant\u00a0\u00bb).<\/p>\n\n\n\n<p>Ailleurs, l&rsquo;\u00e9gyptien hi\u00e9roglyphique (\u00e9.-h.) atteste 12 d\u00e9nominations pour les cinq \u00ab\u00a0plan\u00e8tes\u00a0\u00bb, et le sanskrit 72. Or, parmi ces 84 appellations (sans aucun nom divin), 14 sont sp\u00e9cifiques de Mars (rouge) et Saturne (lente), mais 70 se r\u00e9f\u00e8rent au \u00ab\u00a0mythe du nom des nombres\u00a0\u00bb. En effet, l&rsquo;\u00e9tude montre que les observateurs ont nomm\u00e9 les \u00ab\u00a0\u00e9toiles mobiles\u00a0\u00bb en fonction de leur vitesse de d\u00e9placement apparente, de la plus rapide (Mercure, rang 1) \u00e0 la plus lente (Saturne, rang 5).<\/p>\n\n\n\n<p>Les noms des nombres, actuellement consid\u00e9r\u00e9s comme \u00ab\u00a0immotiv\u00e9s\u00a0\u00bb (inexpliqu\u00e9s par des racines intelligibles), ont \u00e9t\u00e9 construits selon le \u00ab\u00a0mythe du nom des nombres\u00a0\u00bb, mis en \u00e9vidence par le croisement entre la linguistique et d&rsquo;autres disciplines (mythologie, rituels religieux, calendriers antiques) : ils symbolisent les cinq \u00e9tapes d&rsquo;un mythe originel pr\u00e9historique, \u00e9voquant le cycle de la s\u00e8ve dans la v\u00e9g\u00e9tation, du manque apparent hivernal (\u00ab\u00a01\u00a0\u00bb et \u00ab\u00a06\u00a0\u00bb) \u00e0 la cueillette des fruits tr\u00e8s d\u00e9sir\u00e9s, depuis l&rsquo;\u00e9poque recul\u00e9e des chasseurs-cueilleurs (\u00ab\u00a05\u00a0\u00bb et \u00ab\u00a010\u00a0\u00bb).<\/p>\n\n\n\n<p>Ce \u00ab\u00a0cycle de base 5\u00a0\u00bb, confirm\u00e9 par une peinture rupestre en 5 \u00e9pisodes du Tassili alg\u00e9rien, a ainsi surv\u00e9cu, par exemple, dans la succession des rites des Myst\u00e8res d&rsquo;Eleusis ou des mois des calendriers antiques, et l&rsquo;ordonnancement des 22 signes de l&rsquo;alphabet ph\u00e9nicien (dont l&rsquo;\u00a0\u00ab\u00a0ordre levantin\u00a0\u00bb, inexpliqu\u00e9, r\u00e9it\u00e8re cinq cycles, le dernier incomplet). Il justifie donc encore les 70 d\u00e9nominations consid\u00e9r\u00e9es, obligeant chacune \u00e0 \u00e9voquer l&rsquo;un des 5 \u00e9pisodes du cycle, en \u00e9tant construite selon le mode de la \u00ab\u00a0racine chamito-s\u00e9mito-indo-europ\u00e9enne\u00a0\u00bb (un \u00e0 trois \u00ab\u00a0\u00e9tymons\u00a0\u00bb).<\/p>\n\n\n\n<p>Tout \u00ab\u00a0\u00e9tymon\u00a0\u00bb r\u00e9unit la consonne occlusive glottale (\u00ab\u00a0coup de glotte\u00a0\u00bb, not\u00e9e \u00ab\u00a03\u00a0\u00bb en \u00e9.-h. (double alef \u1d53), de double sens), et toute autre consonne (de contenu s\u00e9mantique propre, sauf les nasales \u00ab\u00a0m\u00a0\u00bb et \u00ab\u00a0n\u00a0\u00bb) : la \u00ab\u00a0motivation phon\u00e9mique\u00a0\u00bb originelle explique ainsi les propri\u00e9t\u00e9s d&rsquo;inversion des \u00e9tymons, et de leur interversion dans le radical, avec le m\u00eame sens. Le phon\u00e8me \u00ab\u00a03\u00a0\u00bb se transpose en la voyelle port\u00e9e, longue ou br\u00e8ve en s\u00e9mitique mais toujours br\u00e8ve en indo-europ\u00e9en (i.-e.).<\/p>\n\n\n\n<p>Sur ces bases, l&rsquo;\u00e9tude propose l&rsquo;\u00e9tymologie des noms i.-e. des nombres de \u00ab\u00a01\u00a0\u00bb \u00e0 \u00ab\u00a05\u00a0\u00bb (\u00ab\u00a06\u00a0\u00bb \u00e0 \u00ab\u00a010\u00a0\u00bb), et des noms de plusieurs divinit\u00e9s (\u00e9clairant leurs fonctions originelles), outre le \u00ab\u00a0d\u00e9codage\u00a0\u00bb des nombreuses d\u00e9nominations des cinq \u00ab\u00a0plan\u00e8tes\u00a0\u00bb, dont l&rsquo;interpr\u00e9tation par le mythe du nom des nombres peut constituer une alternative de la th\u00e8se traditionnelle de l&rsquo;origine babylonienne.<\/p>\n\n\n\n<div data-wp-interactive=\"core\/file\" class=\"wp-block-file\"><object data-wp-bind--hidden=\"!state.hasPdfPreview\" hidden class=\"wp-block-file__embed\" data=\"https:\/\/pierre.marlange.fr\/wp-content\/uploads\/2022\/02\/ON5PA-PDF.pdf\" type=\"application\/pdf\" style=\"width:100%;height:600px\" aria-label=\"Contenu embarqu\u00e9 Contenu embarqu\u00e9 ON5PA-PDF..\"><\/object><a id=\"wp-block-file--media-817e281f-37d0-4f1b-a9a6-87889c9cff65\" href=\"https:\/\/pierre.marlange.fr\/wp-content\/uploads\/2022\/02\/ON5PA-PDF.pdf\">ON5PA-PDF<\/a><a href=\"https:\/\/pierre.marlange.fr\/wp-content\/uploads\/2022\/02\/ON5PA-PDF.pdf\" class=\"wp-block-file__button\" download aria-describedby=\"wp-block-file--media-817e281f-37d0-4f1b-a9a6-87889c9cff65\">T\u00e9l\u00e9charger<\/a><\/div>\n","protected":false},"excerpt":{"rendered":"<p>Parmi le grand nombre des points lumineux semblant attach\u00e9s \u00e0 la vo\u00fbte du ciel nocturne (\u00e9toiles fixes), l&rsquo;observation a tr\u00e8s t\u00f4t constat\u00e9 que cinq astres changeaient de position avec une vitesse in\u00e9gale (\u00e9toiles mobiles, diff\u00e9rentes des deux autres \u00ab\u00a0astres errants\u00a0\u00bb que constituent le Soleil et la Lune, par leurs dimensions apparentes et leur \u00e9clat) : &hellip; <a href=\"https:\/\/pierre.marlange.fr\/index.php\/12-origines-du-nom-des-cinq-planetes-dans-lantiquite-mythe-du-nom-des-nombres\/\" class=\"more-link\">Continuer la lecture de <span class=\"screen-reader-text\">12. Origines du nom des cinq plan\u00e8tes dans l&rsquo;Antiquit\u00e9 : mythe du nom des nombres<\/span>  <span class=\"meta-nav\">&rarr;<\/span><\/a><\/p>\n","protected":false},"author":1,"featured_media":0,"parent":0,"menu_order":0,"comment_status":"closed","ping_status":"closed","template":"","meta":{"footnotes":""},"class_list":["post-332","page","type-page","status-publish","hentry"],"_links":{"self":[{"href":"https:\/\/pierre.marlange.fr\/index.php\/wp-json\/wp\/v2\/pages\/332","targetHints":{"allow":["GET"]}}],"collection":[{"href":"https:\/\/pierre.marlange.fr\/index.php\/wp-json\/wp\/v2\/pages"}],"about":[{"href":"https:\/\/pierre.marlange.fr\/index.php\/wp-json\/wp\/v2\/types\/page"}],"author":[{"embeddable":true,"href":"https:\/\/pierre.marlange.fr\/index.php\/wp-json\/wp\/v2\/users\/1"}],"replies":[{"embeddable":true,"href":"https:\/\/pierre.marlange.fr\/index.php\/wp-json\/wp\/v2\/comments?post=332"}],"version-history":[{"count":4,"href":"https:\/\/pierre.marlange.fr\/index.php\/wp-json\/wp\/v2\/pages\/332\/revisions"}],"predecessor-version":[{"id":352,"href":"https:\/\/pierre.marlange.fr\/index.php\/wp-json\/wp\/v2\/pages\/332\/revisions\/352"}],"wp:attachment":[{"href":"https:\/\/pierre.marlange.fr\/index.php\/wp-json\/wp\/v2\/media?parent=332"}],"curies":[{"name":"wp","href":"https:\/\/api.w.org\/{rel}","templated":true}]}}