{"id":22,"date":"2013-02-24T17:43:00","date_gmt":"2013-02-24T15:43:00","guid":{"rendered":"http:\/\/pierre1.marlange.net\/?page_id=22"},"modified":"2021-07-20T10:39:31","modified_gmt":"2021-07-20T08:39:31","slug":"1-presentation-la-motivation-phonemique-a-lorigine-du-langage","status":"publish","type":"page","link":"https:\/\/pierre.marlange.fr\/index.php\/1-presentation-la-motivation-phonemique-a-lorigine-du-langage\/","title":{"rendered":"1. Pr\u00e9sentation : la motivation phon\u00e9mique \u00e0 l&rsquo;origine du langage"},"content":{"rendered":"\n<h6 class=\"has-text-align-center wp-block-heading\">CONSTRUCTION DU LEXIQUE EGYPTIEN HIEROGLYPHIQUE ET D&rsquo;AUTRES LANGUES<\/h6>\n\n\n\n<h6 class=\"has-text-align-center wp-block-heading\">(CHAMITO-SEMITIQUE, INDO-EUROPEEN)<\/h6>\n\n\n\n<h6 class=\"has-text-align-center wp-block-heading\">VERS L&rsquo;ORIGINE DES LANGUES<\/h6>\n\n\n\n<p><\/p>\n\n\n\n<p>INTRODUCTION<\/p>\n\n\n\n<p class=\"has-drop-cap\">Le travail qui va \u00eatre expos\u00e9 constitue une actualisation et une g\u00e9n\u00e9ralisation d\u2019un article paru en 2006 : \u201cLa motivation phon\u00e9mique en \u00e9gyptien hi\u00e9roglyphique, et ses cons\u00e9quences sur l\u2019organisation du lexique\u201d (Cahiers de Linguistique Analogique &#8211; n\u00b0 3 &#8211; D\u00e9cembre 2006 &#8211; ABELL).<\/p>\n\n\n\n<p>Une actualisation, car depuis la r\u00e9daction de cet article (\u00e9crit, en fait, en 2003, la publication en 2006 relevant de raisons propres \u00e0 l\u2019\u00e9diteur), l\u2019analyse de la quasi-totalit\u00e9 du lexique de l\u2019\u00e9gyptien hi\u00e9roglyphique (\u00e9.-h.) a \u00e9t\u00e9 achev\u00e9e, ce qui implique l\u2019adaptation et l\u2019extension des conclusions partielles et provisoires obtenues il y a dix ans.<\/p>\n\n\n\n<p>Une g\u00e9n\u00e9ralisation, car, au terme de cette analyse, on constate que ce lexique a \u00e9t\u00e9 construit selon certains principes qui le structurent. Les plus importants r\u00e9sident dans la motivation phon\u00e9mique, et dans la m\u00e9thode de construction des radicaux. On retrouve dans les autres langues ces m\u00eames principes, qui ne peuvent donc que traduire une origine commune extr\u00eamement lointaine. L\u2019\u00e9.-h. appara\u00eet donc, non bien s\u00fbr comme une \u201clangue m\u00e8re\u201d, mais &#8211; gr\u00e2ce \u00e0 la tr\u00e8s longue tradition, unique et exigeante, des scribes \u00e9gyptiens &#8211; comme un t\u00e9moin, fid\u00e8le et privil\u00e9gi\u00e9, de la transmission du mode de construction des diff\u00e9rents lexiques. Les r\u00e9sultats obtenus constituent la mati\u00e8re du Dictionnaire de la cr\u00e9ation lexicale.<\/p>\n\n\n\n<p>Afin de pr\u00e9ciser la nature et le cadre des recherches entreprises, le r\u00e9sum\u00e9 et l\u2019introduction de l\u2019article publi\u00e9 en 2006 sont reproduits ci-dessous.<\/p>\n\n\n\n<p>La suite du document est t\u00e9l\u00e9chargeable ci-dessous en pi\u00e8ce jointe.<\/p>\n\n\n\n<div class=\"wp-block-file\"><a href=\"https:\/\/pierre.marlange.fr\/wp-content\/uploads\/2021\/07\/LIBTEX5-PDF.pdf\">LIBTEX5-PDF<\/a><a href=\"https:\/\/pierre.marlange.fr\/wp-content\/uploads\/2021\/07\/LIBTEX5-PDF.pdf\" class=\"wp-block-file__button\" download>T\u00e9l\u00e9charger<\/a><\/div>\n","protected":false},"excerpt":{"rendered":"<p>CONSTRUCTION DU LEXIQUE EGYPTIEN HIEROGLYPHIQUE ET D&rsquo;AUTRES LANGUES (CHAMITO-SEMITIQUE, INDO-EUROPEEN) VERS L&rsquo;ORIGINE DES LANGUES INTRODUCTION Le travail qui va \u00eatre expos\u00e9 constitue une actualisation et une g\u00e9n\u00e9ralisation d\u2019un article paru en 2006 : \u201cLa motivation phon\u00e9mique en \u00e9gyptien hi\u00e9roglyphique, et ses cons\u00e9quences sur l\u2019organisation du lexique\u201d (Cahiers de Linguistique Analogique &#8211; n\u00b0 3 &#8211; D\u00e9cembre &hellip; <a href=\"https:\/\/pierre.marlange.fr\/index.php\/1-presentation-la-motivation-phonemique-a-lorigine-du-langage\/\" class=\"more-link\">Continuer la lecture de <span class=\"screen-reader-text\">1. Pr\u00e9sentation : la motivation phon\u00e9mique \u00e0 l&rsquo;origine du langage<\/span>  <span class=\"meta-nav\">&rarr;<\/span><\/a><\/p>\n","protected":false},"author":2,"featured_media":0,"parent":0,"menu_order":0,"comment_status":"closed","ping_status":"closed","template":"","meta":{"footnotes":""},"class_list":["post-22","page","type-page","status-publish","hentry"],"_links":{"self":[{"href":"https:\/\/pierre.marlange.fr\/index.php\/wp-json\/wp\/v2\/pages\/22","targetHints":{"allow":["GET"]}}],"collection":[{"href":"https:\/\/pierre.marlange.fr\/index.php\/wp-json\/wp\/v2\/pages"}],"about":[{"href":"https:\/\/pierre.marlange.fr\/index.php\/wp-json\/wp\/v2\/types\/page"}],"author":[{"embeddable":true,"href":"https:\/\/pierre.marlange.fr\/index.php\/wp-json\/wp\/v2\/users\/2"}],"replies":[{"embeddable":true,"href":"https:\/\/pierre.marlange.fr\/index.php\/wp-json\/wp\/v2\/comments?post=22"}],"version-history":[{"count":2,"href":"https:\/\/pierre.marlange.fr\/index.php\/wp-json\/wp\/v2\/pages\/22\/revisions"}],"predecessor-version":[{"id":424,"href":"https:\/\/pierre.marlange.fr\/index.php\/wp-json\/wp\/v2\/pages\/22\/revisions\/424"}],"wp:attachment":[{"href":"https:\/\/pierre.marlange.fr\/index.php\/wp-json\/wp\/v2\/media?parent=22"}],"curies":[{"name":"wp","href":"https:\/\/api.w.org\/{rel}","templated":true}]}}